{"id":43,"date":"2021-04-20T06:40:46","date_gmt":"2021-04-20T06:40:46","guid":{"rendered":"https:\/\/engage.cyi.ac.cy\/?page_id=43"},"modified":"2024-06-04T10:23:24","modified_gmt":"2024-06-04T07:23:24","slug":"engage-phd-projects","status":"publish","type":"page","link":"https:\/\/engage.cyi.ac.cy\/?page_id=43","title":{"rendered":"PhD Projects"},"content":{"rendered":"\n<p>This page contains a summary of the ENGAGE PhD projects. The ENGAGE Supervisors are available <a href=\"https:\/\/engage.cyi.ac.cy\/?page_id=63\">here<\/a>.<\/p>\n\n\n\n<h1 class=\"wp-block-heading has-text-align-center\" id=\"phdprojects\"><\/h1>\n\n\n\n<h1 class=\"wp-block-heading has-text-align-center\">Summary of the ENGAGE projects<\/h1>\n\n\n\n<h4 class=\"wp-block-heading\" id=\"project-1-machine-learning-techniques-applied-to-lattice-gauge-theories-g-koutsou-the-cyprus-institute-cyprus\"><a rel=\"noreferrer noopener\" href=\"https:\/\/engage.cyi.ac.cy\/wp-content\/uploads\/2021\/07\/ESR1-Machine-learning-techniques-applied-to-lattice-gauge-theories_v2.pdf\" target=\"_blank\">Project 1: Machine learning techniques applied to lattice gauge theories<\/a> &#8211; G. Koutsou, <strong>The Cyprus Institute<\/strong> (Cyprus)<\/h4>\n\n\n\n<h4 id=\"project-2-computation-of-the-anomalous-magnetic-moment-of-the-muon-using-twisted-mass-fermions-c-alexandrou-the-cyprus-institute-cyprus-position-filled\"><a rel=\"noreferrer noopener\" href=\"https:\/\/engage.cyi.ac.cy\/wp-content\/uploads\/2021\/07\/ESR2-Computation-of-the-anomalous-magnetic-moment-of-the-muon-using-twisted-mass-fermions.pdf\" target=\"_blank\">Project 2: Computation of the anomalous magnetic moment of the muon using twisted mass fermions<\/a> &#8211; C. Alexandrou, <strong>The Cyprus Institute<\/strong> (Cyprus) <\/h4>\n\n\n\n<h4 class=\"wp-block-heading\" id=\"project-3-variational-quantum-computer-simulations-for-quantum-systems-and-optimization-problems-k-jansen-deutsches-elektronen-synchrotron-zeuthen-humboldt-university-of-berlin-germany\"><a href=\"https:\/\/engage.cyi.ac.cy\/wp-content\/uploads\/2021\/07\/ESR3-Variational-quantum-computer-simulations-for-quantum-systems-and-optimization-problems.pdf\" target=\"_blank\" rel=\"noreferrer noopener\">Project 3: Variational quantum computer simulations for quantum systems and optimization problems<\/a> &#8211; K. Jansen, <strong>Deutsches Elektronen-Synchrotron (Zeuthen)<\/strong>\/<strong>Humboldt University of Berlin<\/strong> (Germany)<\/h4>\n\n\n\n<p><a href=\"https:\/\/engage.cyi.ac.cy\/wp-content\/uploads\/2023\/09\/ESR4-Detector-Simulation-and-Jet-Clustering-in-the-HL-LHC-era-with-Quantum-Computing.pdf\" target=\"_blank\" rel=\"noreferrer noopener\"><strong>Project 4: Detector Simulation and Jet Clustering for HL-LHC with Quantum Computing<\/strong><\/a> &#8211; K. Borras, <strong>Rheinisch-Westf\u00e4lische Technische Hochschule Aachen<\/strong>\/ <strong>Deutsches Elektronen-Synchrotron<\/strong> (Germany)<\/p>\n\n\n\n<h4 class=\"wp-block-heading\" id=\"project-5-higgs-to-bb-tagging-with-quantum-computing-c-issever-humboldt-university-of-berlin-germany\"><a href=\"https:\/\/engage.cyi.ac.cy\/wp-content\/uploads\/2024\/06\/ESR5-Simulating-Lattice-Field-Theories-with-Quantum-Hardware.pdf\" target=\"_blank\" rel=\"noopener\" title=\"\">Project 5: Simulating Lattice Field Theories with Quantum Hardware<\/a> &#8211; K. Jansen, <strong>Deutsches Elektronen-Synchrotron (Zeuthen)\/Humboldt University of Berlin<\/strong> (Germany)<\/h4>\n\n\n\n<h4 class=\"wp-block-heading\" id=\"project-6-algorithmic-development-of-tensor-networks-for-high-energy-physics-s-montangero-university-of-padova-italy\"><a rel=\"noreferrer noopener\" href=\"https:\/\/engage.cyi.ac.cy\/wp-content\/uploads\/2021\/07\/ESR6-Algorithmic-development-of-tensor-networks-for-High-Energy-Physics.pdf\" target=\"_blank\">Project 6: Algorithmic development of tensor networks for High Energy Physics<\/a> &#8211; S. Montangero, <strong>University of Padova<\/strong> (Italy)<\/h4>\n\n\n\n<p><a rel=\"noreferrer noopener\" href=\"https:\/\/engage.cyi.ac.cy\/wp-content\/uploads\/2021\/07\/ESR7-Improving-the-efficiency-and-quality-of-3D-seismic-imaging-addressing-HPC-aspects.pdf\" target=\"_blank\"><strong>Project 7: Improving the efficiency and quality of 3D seismic imaging addressing HPC aspects<\/strong><\/a> &#8211; E. Verschuur, <strong>Technical University of Delft<\/strong> (The Netherlands)\/<strong>The Cyprus Institute<\/strong> (Cyprus)<\/p>\n\n\n\n<p><a rel=\"noreferrer noopener\" href=\"https:\/\/engage.cyi.ac.cy\/wp-content\/uploads\/2021\/07\/ESR8-Improving-the-efficiency-and-quality-of-3D-seismic-imaging-addressing-physical-and-machine-learning-aspects.pdf\" target=\"_blank\"><strong>Project 8: Improving the efficiency and quality of 3D seismic imaging applying ML algorithms<\/strong><\/a> &#8211; E. Verschuur, <strong>Technical University of Delft<\/strong> (The Netherlands) <\/p>\n\n\n\n<h4 class=\"wp-block-heading\" id=\"project-9-multiscale-computational-approaches-for-wetting-on-soft-surfaces-n-savva-the-cyprus-institute-cyprus\"><a rel=\"noreferrer noopener\" href=\"https:\/\/engage.cyi.ac.cy\/wp-content\/uploads\/2021\/07\/ESR9-Multiscale-computational-approaches-for-wetting-on-soft-surfaces.pdf\" target=\"_blank\">Project 9: Multiscale computational approaches for wetting on soft surfaces<\/a> &#8211; N. Savva, <strong>The Cyprus Institute<\/strong> (Cyprus)<\/h4>\n\n\n\n<p><a rel=\"noreferrer noopener\" href=\"https:\/\/engage.cyi.ac.cy\/wp-content\/uploads\/2021\/07\/ESR10-Multi-scale-simulation-methodologies-of-organic-semiconductors-for-morphology-control.pdf\" target=\"_blank\"><strong>Project 10: Multi-scale simulation methodologies of organic semiconductors for morphology control<\/strong><\/a> &#8211; V. Harmandaris, <strong>The Cyprus Institute<\/strong> (Cyprus) <\/p>\n\n\n\n<h4 class=\"wp-block-heading\" id=\"project-11-hierarchical-multi-scale-modelling-of-macromolecular-systems-at-interfaces-k-kremer-max-planck-institute-for-polymer-research-germany\"><a rel=\"noreferrer noopener\" href=\"https:\/\/engage.cyi.ac.cy\/wp-content\/uploads\/2021\/07\/ESR11-Hierarchical-multi-scale-modeling-of-macromolecular-systems-at-interfaces.pdf\" target=\"_blank\">Project 11: Hierarchical multi-scale modelling of macromolecular systems at interfaces<\/a> &#8211; K. Kremer, <strong>Max Planck Institute for Polymer research<\/strong> (Germany)<\/h4>\n\n\n\n<h4 class=\"wp-block-heading\" id=\"project-12-modelling-and-basic-understanding-of-natural-molecules-with-surfaces-and-nanoparticles-v-harmandaris-the-cyprus-institute-cyprus\"><a rel=\"noreferrer noopener\" href=\"https:\/\/engage.cyi.ac.cy\/wp-content\/uploads\/2021\/07\/ESR12-Modelling-and-basic-understanding-of-natural-molecules-with-surfaces-and-nanoparticles.pdf\" target=\"_blank\">Project 12: Modelling and basic understanding of natural molecules with surfaces and nanoparticles<\/a> &#8211; V. Harmandaris, <strong>The Cyprus Institute<\/strong> (Cyprus)<\/h4>\n\n\n\n<p><a href=\"https:\/\/engage.cyi.ac.cy\/wp-content\/uploads\/2021\/07\/ESR13-Single-Chain-and-Collective-Dynamics-of-Polymer-Materials.pdf\" target=\"_blank\" rel=\"noreferrer noopener\"><strong>Project 13: Single-Chain and Collective Structure and Dynamics of Polymer Materials<\/strong><\/a> &#8211; M. M\u00fcller, <strong>Georg-August-Universit\u00e4t G\u00f6ttingen<\/strong> (Germany) <\/p>\n\n\n\n<p><a href=\"https:\/\/engage.cyi.ac.cy\/wp-content\/uploads\/2022\/08\/ESR14-Deep-learning-for-the-derivation-of-finite-element-models-from-3D-synchrotron-X-ray-tomography-data_v2.pdf\"><strong>Project 14: Deep learning for 3D Synchrotron X-ray tomography data<\/strong><\/a> &#8211; M. Nikolaou, <strong>The Cyprus Institute<\/strong> (Cyprus)\/<strong>SESAME <\/strong>(Jordan)<\/p>\n\n\n\n<p><a rel=\"noreferrer noopener\" href=\"https:\/\/engage.cyi.ac.cy\/wp-content\/uploads\/2022\/01\/ESR15-Automated-interpretation-of-SR-based-XRF-and-IR-spectroscopic-data-using-machine-learning-approach-in-archaeological-sciences.pdf\" target=\"_blank\"><strong>Project 15: Automated interpretation of SR-based XRF and IR spectroscopic data using machine learning approach in archaeological sciences<\/strong><\/a>&nbsp;\u2013 C. Chrysostomou,&nbsp;<strong>The Cyprus Institute<\/strong>&nbsp;(Cyprus)\/<strong>SESAME<\/strong>&nbsp;(Jordan)<\/p>\n\n\n\n<h4 class=\"wp-block-heading\" id=\"project-17-artificial-intelligence-for-operator-intensive-coherent-x-ray-imaging-procedures-european-synchrotron-radiation-facility-france\"><a rel=\"noreferrer noopener\" href=\"https:\/\/engage.cyi.ac.cy\/wp-content\/uploads\/2021\/11\/ESR17-Artificial-intelligence-for-operator-intensive-coherent-X-ray-imaging-procedures.pdf\" target=\"_blank\">Project 17: Artificial intelligence for operator-intensive coherent X-ray imaging procedures<\/a> &#8211; <strong>European Synchrotron Radiation Facility<\/strong> (France) <\/h4>\n\n\n\n<h4 class=\"wp-block-heading\" id=\"project-18-machine-learning-for-the-real-time-analysis-of-x-ray-spectroscopic-data-european-synchrotron-radiation-facility-france\"><a href=\"https:\/\/engage.cyi.ac.cy\/wp-content\/uploads\/2021\/11\/ESR18-Machine-Learning-for-the-Real-Time-Analysis-of-X-Ray-Spectroscopic-Data.pdf\" target=\"_blank\" rel=\"noreferrer noopener\">Project 18: Machine Learning for the Real-Time Analysis of X-Ray Spectroscopic Data<\/a> &#8211; <strong>European Synchrotron Radiation Facility<\/strong> (France) <\/h4>\n\n\n\n<p><strong><a href=\"https:\/\/engage.cyi.ac.cy\/wp-content\/uploads\/2023\/04\/ESR19-Microstructure-and-texture-analysis-of-x-ray-diffraction-data-using-Machine-Learning.pdf\">Project 19: Microstructure and texture analysis of x-ray diffraction data using Machine Learning<\/a>&nbsp;\u2013 European Synchrotron Radiation Facility (France)<\/strong><\/p>\n\n\n\n<h4 class=\"wp-block-heading\" id=\"project-20-bragg-coherent-diffractive-imaging-driven-by-machine-learning-from-data-collection-through-reduction-european-synchrotron-radiation-facility-france\"><a rel=\"noreferrer noopener\" href=\"https:\/\/engage.cyi.ac.cy\/wp-content\/uploads\/2021\/11\/ESR20-Bragg-coherent-diffractive-imaging-driven-by-Machine-learning_from-data-collection-through-reduction.pdf\" target=\"_blank\">Project 20: Bragg coherent diffractive imaging driven by Machine learning: from data collection through reduction<\/a> &#8211; <strong>European Synchrotron Radiation Facility<\/strong> (France) <\/h4>\n\n\n\n<div class=\"wp-block-group\"><div class=\"wp-block-group__inner-container is-layout-flow wp-block-group-is-layout-flow\">\n<div class=\"wp-block-columns are-vertically-aligned-top is-layout-flex wp-container-core-columns-is-layout-9d6595d7 wp-block-columns-is-layout-flex\">\n<div class=\"wp-block-column is-vertically-aligned-top is-layout-flow wp-block-column-is-layout-flow\" style=\"flex-basis:100%\"><\/div>\n<\/div>\n<\/div><\/div>\n","protected":false},"excerpt":{"rendered":"<p>This page contains a summary of the ENGAGE PhD projects. The ENGAGE Supervisors are available here. Summary of the ENGAGE projects Project 1: Machine learning techniques applied to lattice gauge theories &#8211; G. Koutsou, The Cyprus Institute (Cyprus) Project 2: Computation of the anomalous magnetic moment of the muon using twisted mass fermions &#8211; C. [&hellip;]<\/p>\n","protected":false},"author":1,"featured_media":0,"parent":0,"menu_order":0,"comment_status":"closed","ping_status":"closed","template":"","meta":{"footnotes":""},"class_list":["post-43","page","type-page","status-publish","hentry"],"aioseo_notices":[],"_links":{"self":[{"href":"https:\/\/engage.cyi.ac.cy\/index.php?rest_route=\/wp\/v2\/pages\/43","targetHints":{"allow":["GET"]}}],"collection":[{"href":"https:\/\/engage.cyi.ac.cy\/index.php?rest_route=\/wp\/v2\/pages"}],"about":[{"href":"https:\/\/engage.cyi.ac.cy\/index.php?rest_route=\/wp\/v2\/types\/page"}],"author":[{"embeddable":true,"href":"https:\/\/engage.cyi.ac.cy\/index.php?rest_route=\/wp\/v2\/users\/1"}],"replies":[{"embeddable":true,"href":"https:\/\/engage.cyi.ac.cy\/index.php?rest_route=%2Fwp%2Fv2%2Fcomments&post=43"}],"version-history":[{"count":304,"href":"https:\/\/engage.cyi.ac.cy\/index.php?rest_route=\/wp\/v2\/pages\/43\/revisions"}],"predecessor-version":[{"id":3745,"href":"https:\/\/engage.cyi.ac.cy\/index.php?rest_route=\/wp\/v2\/pages\/43\/revisions\/3745"}],"wp:attachment":[{"href":"https:\/\/engage.cyi.ac.cy\/index.php?rest_route=%2Fwp%2Fv2%2Fmedia&parent=43"}],"curies":[{"name":"wp","href":"https:\/\/api.w.org\/{rel}","templated":true}]}}